{"id":10929,"date":"2024-04-11T17:03:28","date_gmt":"2024-04-11T20:03:28","guid":{"rendered":"https:\/\/asescor.com\/?page_id=10929"},"modified":"2024-04-19T00:57:23","modified_gmt":"2024-04-19T03:57:23","slug":"yolanda-guitierrez-rivas","status":"publish","type":"page","link":"https:\/\/asescor.com\/en_US\/yolanda-guitierrez-rivas\/","title":{"rendered":"Yolanda N. Guti\u00e9rrez Rivas"},"content":{"rendered":"<div data-elementor-type=\"wp-page\" data-elementor-id=\"10929\" class=\"elementor elementor-10929\">\n\t\t\t\t\t\t<section class=\"has_ae_slider elementor-section elementor-top-section elementor-element elementor-element-4863019 elementor-section-boxed elementor-section-height-default elementor-section-height-default ae-bg-gallery-type-default\" data-id=\"4863019\" data-element_type=\"section\" data-settings=\"{&quot;background_background&quot;:&quot;classic&quot;}\">\n\t\t\t\t\t\t\t<div class=\"elementor-background-overlay\"><\/div>\n\t\t\t\t\t\t\t<div class=\"elementor-container elementor-column-gap-default\">\n\t\t\t\t\t<div class=\"has_ae_slider elementor-column elementor-col-100 elementor-top-column elementor-element elementor-element-7a952c4 ae-bg-gallery-type-default\" data-id=\"7a952c4\" data-element_type=\"column\">\n\t\t\t<div class=\"elementor-widget-wrap elementor-element-populated\">\n\t\t\t\t\t\t<div class=\"elementor-element elementor-element-e23285a elementor-widget elementor-widget-heading\" data-id=\"e23285a\" data-element_type=\"widget\" data-widget_type=\"heading.default\">\n\t\t\t\t<div class=\"elementor-widget-container\">\n\t\t\t<h2 class=\"elementor-heading-title elementor-size-default\">Yolanda N. Guti\u00e9rrez  Rivas<\/h2>\t\t<\/div>\n\t\t\t\t<\/div>\n\t\t\t\t<div class=\"elementor-element elementor-element-457551b elementor-widget elementor-widget-heading\" data-id=\"457551b\" data-element_type=\"widget\" data-widget_type=\"heading.default\">\n\t\t\t\t<div class=\"elementor-widget-container\">\n\t\t\t<p class=\"elementor-heading-title elementor-size-default\">Regional Manager \u2013 La Paz \u2013 Asescor S.R.L. Insurance brokers<\/p>\t\t<\/div>\n\t\t\t\t<\/div>\n\t\t\t\t<div class=\"elementor-element elementor-element-eefb029 elementor-widget elementor-widget-woocommerce-breadcrumb\" data-id=\"eefb029\" data-element_type=\"widget\" data-widget_type=\"woocommerce-breadcrumb.default\">\n\t\t\t\t<div class=\"elementor-widget-container\">\n\t\t\t<nav class=\"woocommerce-breadcrumb\" aria-label=\"Breadcrumb\" data-no-translation=\"\" data-trp-gettext=\"\">Home<\/nav>\t\t<\/div>\n\t\t\t\t<\/div>\n\t\t\t\t\t<\/div>\n\t\t<\/div>\n\t\t\t\t\t<\/div>\n\t\t<\/section>\n\t\t\t\t<section class=\"has_ae_slider elementor-section elementor-top-section elementor-element elementor-element-fcf6b46 elementor-section-boxed elementor-section-height-default elementor-section-height-default ae-bg-gallery-type-default\" data-id=\"fcf6b46\" data-element_type=\"section\">\n\t\t\t\t\t\t<div class=\"elementor-container elementor-column-gap-default\">\n\t\t\t\t\t<div class=\"has_ae_slider elementor-column elementor-col-50 elementor-top-column elementor-element elementor-element-0231c94 ae-bg-gallery-type-default\" data-id=\"0231c94\" data-element_type=\"column\">\n\t\t\t<div class=\"elementor-widget-wrap elementor-element-populated\">\n\t\t\t\t\t\t<section class=\"has_ae_slider elementor-section elementor-inner-section elementor-element elementor-element-b0067c9 elementor-section-boxed elementor-section-height-default elementor-section-height-default ae-bg-gallery-type-default\" data-id=\"b0067c9\" data-element_type=\"section\">\n\t\t\t\t\t\t<div class=\"elementor-container elementor-column-gap-default\">\n\t\t\t\t\t<div class=\"has_ae_slider elementor-column elementor-col-100 elementor-inner-column elementor-element elementor-element-07229b6 experience-year-left ae-bg-gallery-type-default\" data-id=\"07229b6\" data-element_type=\"column\">\n\t\t\t<div class=\"elementor-widget-wrap elementor-element-populated\">\n\t\t\t\t\t\t<div class=\"elementor-element elementor-element-1f97bf5 height-593 opacity-90 elementor-widget__width-initial elementor-absolute elementor-hidden-phone elementor-hidden-tablet elementor-invisible elementor-widget elementor-widget-heading\" data-id=\"1f97bf5\" data-element_type=\"widget\" data-settings=\"{&quot;_position&quot;:&quot;absolute&quot;,&quot;_animation&quot;:&quot;rotateInDownLeft&quot;}\" data-widget_type=\"heading.default\">\n\t\t\t\t<div class=\"elementor-widget-container\">\n\t\t\t<h2 class=\"elementor-heading-title elementor-size-default\"> <\/h2>\t\t<\/div>\n\t\t\t\t<\/div>\n\t\t\t\t<div class=\"elementor-element elementor-element-40bf72b elementor-widget elementor-widget-image\" data-id=\"40bf72b\" data-element_type=\"widget\" data-widget_type=\"image.default\">\n\t\t\t\t<div class=\"elementor-widget-container\">\n\t\t\t\t\t\t\t\t\t\t\t\t\t<img fetchpriority=\"high\" decoding=\"async\" width=\"709\" height=\"1063\" src=\"https:\/\/asescor.com\/wp-content\/uploads\/2024\/04\/image-11.jpg\" class=\"attachment-full size-full wp-image-10288\" alt=\"\" \/>\t\t\t\t\t\t\t\t\t\t\t\t\t<\/div>\n\t\t\t\t<\/div>\n\t\t\t\t\t<\/div>\n\t\t<\/div>\n\t\t\t\t\t<\/div>\n\t\t<\/section>\n\t\t\t\t\t<\/div>\n\t\t<\/div>\n\t\t\t\t<div class=\"has_ae_slider elementor-column elementor-col-50 elementor-top-column elementor-element elementor-element-128c8c9 experience-year-right ae-bg-gallery-type-default\" data-id=\"128c8c9\" data-element_type=\"column\">\n\t\t\t<div class=\"elementor-widget-wrap elementor-element-populated\">\n\t\t\t\t\t\t<div class=\"elementor-element elementor-element-d631bf0 elementor-invisible elementor-widget elementor-widget-text-editor\" data-id=\"d631bf0\" data-element_type=\"widget\" data-settings=\"{&quot;_animation&quot;:&quot;fadeIn&quot;}\" data-widget_type=\"text-editor.default\">\n\t\t\t\t<div class=\"elementor-widget-container\">\n\t\t\t\t\t\t\t<p>Yolanda N. Guti\u00e9rrez Rivas<\/p>\t\t\t\t\t\t<\/div>\n\t\t\t\t<\/div>\n\t\t\t\t<div class=\"elementor-element elementor-element-a520dec mb-10 elementor-widget elementor-widget-heading\" data-id=\"a520dec\" data-element_type=\"widget\" data-widget_type=\"heading.default\">\n\t\t\t\t<div class=\"elementor-widget-container\">\n\t\t\t<p class=\"elementor-heading-title elementor-size-default\">Yolanda is La Paz Regional Manager of ASESCOR S.R.L. Insurance Brokers, began working in the field since 1996, has more than 28 years of experience in the insurance market, which has been dedicated entirely to the management of general insurance in the small, medium and large sector. companies, as well as individual insurance.\nIn order to provide good service to clients, Yolanda carries out constant training and updating courses in insurance management, having attended important training events nationwide, which allows her to have the necessary experience for insurance advice. a general level\nHis knowledge and experience allow him to take charge of the management of important construction companies, food industries, NGOs, pharmaceutical companies, tourism companies and others, demonstrating capacity in the administration of this type of accounts, being among the important Empresa Soalpro S.R.L., Volcan S.A., Alianza Francesa, Farmedical, Imexcomed, Gavity, Aguilar &amp; Asociados, Salinas Menegat Ingenieria, Zursil S.R.L., Disel S.R.L. Carsur S.R.L. and others who trust ASESCOR.\nSince 2016, Yolanda, as La Paz Regional Manager, took on the challenge of running the regional office, implying significant portfolio growth, applying all her experience in the insurance industry in this new venture.\n\n<\/p>\t\t<\/div>\n\t\t\t\t<\/div>\n\t\t\t\t<section class=\"has_ae_slider elementor-section elementor-inner-section elementor-element elementor-element-fa976c5 elementor-section-content-middle elementor-section-boxed elementor-section-height-default elementor-section-height-default ae-bg-gallery-type-default elementor-invisible\" data-id=\"fa976c5\" data-element_type=\"section\" data-settings=\"{&quot;animation&quot;:&quot;fadeInUp&quot;}\">\n\t\t\t\t\t\t<div class=\"elementor-container elementor-column-gap-default\">\n\t\t\t\t\t<div class=\"has_ae_slider elementor-column elementor-col-50 elementor-inner-column elementor-element elementor-element-1c40032 ae-bg-gallery-type-default\" data-id=\"1c40032\" data-element_type=\"column\">\n\t\t\t<div class=\"elementor-widget-wrap elementor-element-populated\">\n\t\t\t\t\t\t<div class=\"elementor-element elementor-element-6bee99a elementor-widget__width-auto elementor-widget elementor-widget-heading\" data-id=\"6bee99a\" data-element_type=\"widget\" data-widget_type=\"heading.default\">\n\t\t\t\t<div class=\"elementor-widget-container\">\n\t\t\t<h2 class=\"elementor-heading-title elementor-size-default\">Regional Manager \u2013 La Paz<\/h2>\t\t<\/div>\n\t\t\t\t<\/div>\n\t\t\t\t\t<\/div>\n\t\t<\/div>\n\t\t\t\t<div class=\"has_ae_slider elementor-column elementor-col-50 elementor-inner-column elementor-element elementor-element-eab4ec4 ae-bg-gallery-type-default\" data-id=\"eab4ec4\" data-element_type=\"column\">\n\t\t\t<div class=\"elementor-widget-wrap\">\n\t\t\t\t\t\t\t<\/div>\n\t\t<\/div>\n\t\t\t\t\t<\/div>\n\t\t<\/section>\n\t\t<div class=\"elementor-element elementor-element-9804d43 home-exp-us-circle e-con-full e-flex e-con e-parent\" data-id=\"9804d43\" data-element_type=\"container\">\n\t\t<div class=\"elementor-element elementor-element-c1c3c7c e-con-full e-flex e-con e-child\" data-id=\"c1c3c7c\" data-element_type=\"container\">\n\t\t\t\t<div class=\"elementor-element elementor-element-ecd3bb6 elementor-view-default elementor-widget elementor-widget-icon\" data-id=\"ecd3bb6\" data-element_type=\"widget\" data-widget_type=\"icon.default\">\n\t\t\t\t<div class=\"elementor-widget-container\">\n\t\t\t\t\t<div class=\"elementor-icon-wrapper\">\n\t\t\t<a class=\"elementor-icon\" href=\"tel:22433671\">\n\t\t\t<i aria-hidden=\"true\" class=\"fas fa-phone-alt\"><\/i>\t\t\t<\/a>\n\t\t<\/div>\n\t\t\t\t<\/div>\n\t\t\t\t<\/div>\n\t\t\t\t<\/div>\n\t\t<div class=\"elementor-element elementor-element-efa557e e-con-full e-flex e-con e-child\" data-id=\"efa557e\" data-element_type=\"container\">\n\t\t\t\t<div class=\"elementor-element elementor-element-86b08d3 elementor-view-default elementor-widget elementor-widget-icon\" data-id=\"86b08d3\" data-element_type=\"widget\" data-widget_type=\"icon.default\">\n\t\t\t\t<div class=\"elementor-widget-container\">\n\t\t\t\t\t<div class=\"elementor-icon-wrapper\">\n\t\t\t<a class=\"elementor-icon\" href=\"mailto:yolanda.gutierrez@asescor.com\">\n\t\t\t<i aria-hidden=\"true\" class=\"far fa-envelope\"><\/i>\t\t\t<\/a>\n\t\t<\/div>\n\t\t\t\t<\/div>\n\t\t\t\t<\/div>\n\t\t\t\t<\/div>\n\t\t\t\t<\/div>\n\t\t\t\t\t<\/div>\n\t\t<\/div>\n\t\t\t\t\t<\/div>\n\t\t<\/section>\n\t\t\t\t<\/div>","protected":false},"excerpt":{"rendered":"<p>Yolanda N. Guti\u00e9rrez Rivas Gerente Regional \u2013 La Paz \u2013 Asescor S.R.L. Corredores de Seguros Yolanda N. Guti\u00e9rrez Rivas Yolanda es Gerente Regional La Paz de ASESCOR S.R.L. Corredores de Seguros, comenz\u00f3 a trabajar en rubro desde el a\u00f1o 1996, cuenta con una experiencia de m\u00e1s de 28 a\u00f1os en el mercado de seguros, la [&hellip;]<\/p>","protected":false},"author":1,"featured_media":0,"parent":0,"menu_order":0,"comment_status":"closed","ping_status":"closed","template":"","meta":{"footnotes":""},"_links":{"self":[{"href":"https:\/\/asescor.com\/en_US\/wp-json\/wp\/v2\/pages\/10929"}],"collection":[{"href":"https:\/\/asescor.com\/en_US\/wp-json\/wp\/v2\/pages"}],"about":[{"href":"https:\/\/asescor.com\/en_US\/wp-json\/wp\/v2\/types\/page"}],"author":[{"embeddable":true,"href":"https:\/\/asescor.com\/en_US\/wp-json\/wp\/v2\/users\/1"}],"replies":[{"embeddable":true,"href":"https:\/\/asescor.com\/en_US\/wp-json\/wp\/v2\/comments?post=10929"}],"version-history":[{"count":10,"href":"https:\/\/asescor.com\/en_US\/wp-json\/wp\/v2\/pages\/10929\/revisions"}],"predecessor-version":[{"id":11454,"href":"https:\/\/asescor.com\/en_US\/wp-json\/wp\/v2\/pages\/10929\/revisions\/11454"}],"wp:attachment":[{"href":"https:\/\/asescor.com\/en_US\/wp-json\/wp\/v2\/media?parent=10929"}],"curies":[{"name":"wp","href":"https:\/\/api.w.org\/{rel}","templated":true}]}}