{"id":3178,"date":"2019-10-08T04:20:24","date_gmt":"2019-10-08T04:20:24","guid":{"rendered":"http:\/\/localhost:92\/wordpressasescorp\/?page_id=3178"},"modified":"2024-04-16T12:48:02","modified_gmt":"2024-04-16T15:48:02","slug":"noticias","status":"publish","type":"page","link":"https:\/\/asescor.com\/en_US\/noticias\/","title":{"rendered":"News"},"content":{"rendered":"<div data-elementor-type=\"wp-page\" data-elementor-id=\"3178\" class=\"elementor elementor-3178\">\n\t\t\t\t\t\t<section class=\"has_ae_slider elementor-section elementor-top-section elementor-element elementor-element-9e939d7 elementor-section-boxed elementor-section-height-default elementor-section-height-default ae-bg-gallery-type-default\" data-id=\"9e939d7\" data-element_type=\"section\" data-settings=\"{&quot;background_background&quot;:&quot;classic&quot;}\">\n\t\t\t\t\t\t\t<div class=\"elementor-background-overlay\"><\/div>\n\t\t\t\t\t\t\t<div class=\"elementor-container elementor-column-gap-default\">\n\t\t\t\t\t<div class=\"has_ae_slider elementor-column elementor-col-100 elementor-top-column elementor-element elementor-element-38f0b9f ae-bg-gallery-type-default\" data-id=\"38f0b9f\" data-element_type=\"column\">\n\t\t\t<div class=\"elementor-widget-wrap elementor-element-populated\">\n\t\t\t\t\t\t<div class=\"elementor-element elementor-element-c75d0d6 elementor-widget elementor-widget-heading\" data-id=\"c75d0d6\" data-element_type=\"widget\" data-widget_type=\"heading.default\">\n\t\t\t\t<div class=\"elementor-widget-container\">\n\t\t\t<h2 class=\"elementor-heading-title elementor-size-default\">News<\/h2>\t\t<\/div>\n\t\t\t\t<\/div>\n\t\t\t\t<div class=\"elementor-element elementor-element-4030efe elementor-widget elementor-widget-heading\" data-id=\"4030efe\" data-element_type=\"widget\" data-widget_type=\"heading.default\">\n\t\t\t\t<div class=\"elementor-widget-container\">\n\t\t\t<p class=\"elementor-heading-title elementor-size-default\">Stay informed with us<\/p>\t\t<\/div>\n\t\t\t\t<\/div>\n\t\t\t\t<div class=\"elementor-element elementor-element-522c5a0 elementor-widget elementor-widget-woocommerce-breadcrumb\" data-id=\"522c5a0\" data-element_type=\"widget\" data-widget_type=\"woocommerce-breadcrumb.default\">\n\t\t\t\t<div class=\"elementor-widget-container\">\n\t\t\t<nav class=\"woocommerce-breadcrumb\" aria-label=\"Breadcrumb\" data-no-translation=\"\" data-trp-gettext=\"\">Home<\/nav>\t\t<\/div>\n\t\t\t\t<\/div>\n\t\t\t\t\t<\/div>\n\t\t<\/div>\n\t\t\t\t\t<\/div>\n\t\t<\/section>\n\t\t\t\t<section class=\"has_ae_slider elementor-section elementor-top-section elementor-element elementor-element-95d2a8b elementor-section-boxed elementor-section-height-default elementor-section-height-default ae-bg-gallery-type-default\" data-id=\"95d2a8b\" data-element_type=\"section\">\n\t\t\t\t\t\t<div class=\"elementor-container elementor-column-gap-default\">\n\t\t\t\t\t<div class=\"has_ae_slider elementor-column elementor-col-100 elementor-top-column elementor-element elementor-element-632b321 ae-bg-gallery-type-default\" data-id=\"632b321\" data-element_type=\"column\">\n\t\t\t<div class=\"elementor-widget-wrap elementor-element-populated\">\n\t\t\t\t\t\t<div class=\"elementor-element elementor-element-3bcd919 elementor-widget elementor-widget-jws-post-archive\" data-id=\"3bcd919\" data-element_type=\"widget\" data-widget_type=\"jws-post-archive.default\">\n\t\t\t\t<div class=\"elementor-widget-container\">\n\t\t\t\t\t<div class=\"row jws-post-archive\">\r\n\t\t<div class=\"col- col-lg-12 col-xl-12 layout-post-archive1\">\r\n\t\t\t\t\t\t<div class=\"elementor-post\">\t\t\t<a href=\"https:\/\/asescor.com\/en_US\/seminario-asescor\/\"><img fetchpriority=\"high\" decoding=\"async\" width=\"1248\" height=\"783\" src=\"https:\/\/asescor.com\/wp-content\/uploads\/2024\/04\/foto7-1.png\" class=\"attachment-full size-full wp-post-image\" alt=\"\" \/><\/a>\r\n\t\t<div class=\"m-30\">\r\n\t\t\t<div class=\"post-info\">\r\n\t\t\t<time class=\"post-time\">\r\n\t\t\t\t\t\t\t\t<span class=\"color-layout-hover\">\r\n                    10 Apr\t\t\t\t<\/span>\r\n\t\t\t<\/time>\r\n\t\t\t<span class=\"post-category\">\r\n\t\t\t\t<span class=\"color-layout-hover\"><a href=\"https:\/\/asescor.com\/en_US\/category\/noticias\" rel=\"tag\">News<\/a><\/span>\r\n\t\t\t<\/span>\r\n\t\t\t\t<\/div>\r\n\t\t<a href=\"https:\/\/asescor.com\/en_US\/seminario-asescor\/\">\r\n\t\t\t\t<p class=\"post-title\">Seminario P\u00e9rdida de Beneficios \/ Perjuicios por Paralizaci\u00f3n<\/p>\r\n\t\t\t<\/a>\r\n\t\t\t\t<div class=\"post-decription\">SEMINARIO P\u00e9rdida de Beneficios \/ Perjuicios por Paralizaci\u00f3n SEMINARIO P\u00e9rdida de Beneficios \/ Perjuicios por Paralizaci\u00f3n SEMINARIO P\u00e9rdida de Beneficios \/ Perjuicios por Paralizaci\u00f3n SEMINARIO P\u00e9rdida de Beneficios \/ Perjuicios por Paralizaci\u00f3n<\/div>\r\n\t\t\t\t<div class=\"post-link\">\r\n\t\t\t<a href=\"https:\/\/asescor.com\/en_US\/seminario-asescor\/\">\r\n\t\t\t\t<span class=\"post-link__text\" >LEER M\u00c1S\t\t\t\t\t\t\t\t\t<\/span>\r\n\t\t\t<\/a>\r\n\t\t<\/div>\r\n\t\t\r\n\t\t\t\t<\/div>\r\n\t\t<\/div>\r\n\t\t\t\t\t<\/div><div class=\"col- col-lg-12 col-xl-12 layout-post-archive1\">\r\n\t\t\t\t\t\t<div class=\"elementor-post\">\t\t\t<a href=\"https:\/\/asescor.com\/en_US\/lanzamiento-exclusivo-de-mi-empresa-segura\/\"><img decoding=\"async\" width=\"1204\" height=\"1710\" src=\"https:\/\/asescor.com\/wp-content\/uploads\/2024\/04\/asescor-comunicado.png\" class=\"attachment-full size-full wp-post-image\" alt=\"\" \/><\/a>\r\n\t\t<div class=\"m-30\">\r\n\t\t\t<div class=\"post-info\">\r\n\t\t\t<time class=\"post-time\">\r\n\t\t\t\t\t\t\t\t<span class=\"color-layout-hover\">\r\n                    13 Apr\t\t\t\t<\/span>\r\n\t\t\t<\/time>\r\n\t\t\t<span class=\"post-category\">\r\n\t\t\t\t<span class=\"color-layout-hover\"><a href=\"https:\/\/asescor.com\/en_US\/category\/noticias\" rel=\"tag\">News<\/a><\/span>\r\n\t\t\t<\/span>\r\n\t\t\t\t<\/div>\r\n\t\t<a href=\"https:\/\/asescor.com\/en_US\/lanzamiento-exclusivo-de-mi-empresa-segura\/\">\r\n\t\t\t\t<p class=\"post-title\">Lanzamiento exclusivo de &#8220;Mi Empresa Segura&#8221;<\/p>\r\n\t\t\t<\/a>\r\n\t\t\t\t<div class=\"post-decription\">Mi Empresa Segura&#8221; Nos complace anunciar el lanzamiento exclusivo Un innovador producto de vida con coberturas adicionales, dise\u00f1ado con el compromiso constante de velar por el bienestar de nuestros colaboradores<\/div>\r\n\t\t\t\t<div class=\"post-link\">\r\n\t\t\t<a href=\"https:\/\/asescor.com\/en_US\/lanzamiento-exclusivo-de-mi-empresa-segura\/\">\r\n\t\t\t\t<span class=\"post-link__text\" >LEER M\u00c1S\t\t\t\t\t\t\t\t\t<\/span>\r\n\t\t\t<\/a>\r\n\t\t<\/div>\r\n\t\t\r\n\t\t\t\t<\/div>\r\n\t\t<\/div>\r\n\t\t\t\t\t<\/div><div class=\"col- col-lg-12 col-xl-12 layout-post-archive1\">\r\n\t\t\t\t\t\t<div class=\"elementor-post\">\t\t\t<a href=\"https:\/\/asescor.com\/en_US\/brokerslink\/\"><img decoding=\"async\" width=\"1937\" height=\"852\" src=\"https:\/\/asescor.com\/wp-content\/uploads\/2025\/12\/Brokerslink_Affiliat-1920-02.png\" class=\"attachment-full size-full wp-post-image\" alt=\"\" \/><\/a>\r\n\t\t<div class=\"m-30\">\r\n\t\t\t<div class=\"post-info\">\r\n\t\t\t<time class=\"post-time\">\r\n\t\t\t\t\t\t\t\t<span class=\"color-layout-hover\">\r\n                    06 Jan\t\t\t\t<\/span>\r\n\t\t\t<\/time>\r\n\t\t\t<span class=\"post-category\">\r\n\t\t\t\t<span class=\"color-layout-hover\"><a href=\"https:\/\/asescor.com\/en_US\/category\/noticias\" rel=\"tag\">News<\/a><\/span>\r\n\t\t\t<\/span>\r\n\t\t\t\t<\/div>\r\n\t\t<a href=\"https:\/\/asescor.com\/en_US\/brokerslink\/\">\r\n\t\t\t\t<p class=\"post-title\">BROKERSLINK<\/p>\r\n\t\t\t<\/a>\r\n\t\t\t\t<div class=\"post-decription\">Brokerslink es una red internacional que integra la experiencia de corredores independientes y especialistas de primer nivel<\/div>\r\n\t\t\t\t<div class=\"post-link\">\r\n\t\t\t<a href=\"https:\/\/asescor.com\/en_US\/brokerslink\/\">\r\n\t\t\t\t<span class=\"post-link__text\" >LEER M\u00c1S\t\t\t\t\t\t\t\t\t<\/span>\r\n\t\t\t<\/a>\r\n\t\t<\/div>\r\n\t\t\r\n\t\t\t\t<\/div>\r\n\t\t<\/div>\r\n\t\t\t\t\t<\/div>\t\r\n\t\t<\/div>\r\n\t\t            <div class=\"navigation\"><p> <div class='nxl-pagination'><div class='nxl_pagi_inner'><ul><li><span class='item current'>1<\/span><\/li><li><a href='https:\/\/asescor.com\/en_US\/wp-json\/wp\/v2\/pages\/3178\/page\/2\/' class='inactive item'>2<\/a><\/li><\/ul><a class='next' href='https:\/\/asescor.com\/en_US\/wp-json\/wp\/v2\/pages\/3178\/page\/2\/'><span class='fa fa-arrow-right'><\/span><\/a><\/div><\/div>\n<\/p><\/div>\r\n\t\t\t\t\t<\/div>\n\t\t\t\t<\/div>\n\t\t\t\t\t<\/div>\n\t\t<\/div>\n\t\t\t\t\t<\/div>\n\t\t<\/section>\n\t\t\t\t<\/div>","protected":false},"excerpt":{"rendered":"<p>Brokerslink es una red internacional que integra la experiencia de corredores independientes y especialistas de primer nivel, formando una comunidad global de m\u00e1s de 50.000 profesionales en 133 pa\u00edses. Su modelo \u00fanico ofrece a sus socios servicios innovadores en gesti\u00f3n de riesgos, tecnolog\u00eda, consultor\u00eda y acceso a mercados internacionales. Gracias a esta estructura global, los [&hellip;]<\/p>","protected":false},"author":1,"featured_media":0,"parent":0,"menu_order":0,"comment_status":"closed","ping_status":"closed","template":"","meta":{"footnotes":""},"_links":{"self":[{"href":"https:\/\/asescor.com\/en_US\/wp-json\/wp\/v2\/pages\/3178"}],"collection":[{"href":"https:\/\/asescor.com\/en_US\/wp-json\/wp\/v2\/pages"}],"about":[{"href":"https:\/\/asescor.com\/en_US\/wp-json\/wp\/v2\/types\/page"}],"author":[{"embeddable":true,"href":"https:\/\/asescor.com\/en_US\/wp-json\/wp\/v2\/users\/1"}],"replies":[{"embeddable":true,"href":"https:\/\/asescor.com\/en_US\/wp-json\/wp\/v2\/comments?post=3178"}],"version-history":[{"count":13,"href":"https:\/\/asescor.com\/en_US\/wp-json\/wp\/v2\/pages\/3178\/revisions"}],"predecessor-version":[{"id":11635,"href":"https:\/\/asescor.com\/en_US\/wp-json\/wp\/v2\/pages\/3178\/revisions\/11635"}],"wp:attachment":[{"href":"https:\/\/asescor.com\/en_US\/wp-json\/wp\/v2\/media?parent=3178"}],"curies":[{"name":"wp","href":"https:\/\/api.w.org\/{rel}","templated":true}]}}