{"id":3190,"date":"2019-10-08T06:09:28","date_gmt":"2019-10-08T06:09:28","guid":{"rendered":"http:\/\/localhost:92\/wordpressasescorp\/?page_id=3190"},"modified":"2020-01-15T08:23:41","modified_gmt":"2020-01-15T08:23:41","slug":"blog-2","status":"publish","type":"page","link":"https:\/\/asescor.com\/en_US\/blog-2\/","title":{"rendered":"Blog 2"},"content":{"rendered":"<div data-elementor-type=\"wp-page\" data-elementor-id=\"3190\" class=\"elementor elementor-3190\">\n\t\t\t\t\t\t<section class=\"has_ae_slider elementor-section elementor-top-section elementor-element elementor-element-30257ac elementor-section-boxed elementor-section-height-default elementor-section-height-default ae-bg-gallery-type-default\" data-id=\"30257ac\" data-element_type=\"section\" data-settings=\"{&quot;background_background&quot;:&quot;classic&quot;}\">\n\t\t\t\t\t\t\t<div class=\"elementor-background-overlay\"><\/div>\n\t\t\t\t\t\t\t<div class=\"elementor-container elementor-column-gap-default\">\n\t\t\t\t\t<div class=\"has_ae_slider elementor-column elementor-col-100 elementor-top-column elementor-element elementor-element-3857e78 ae-bg-gallery-type-default\" data-id=\"3857e78\" data-element_type=\"column\">\n\t\t\t<div class=\"elementor-widget-wrap elementor-element-populated\">\n\t\t\t\t\t\t<div class=\"elementor-element elementor-element-0fad440 elementor-widget elementor-widget-heading\" data-id=\"0fad440\" data-element_type=\"widget\" data-widget_type=\"heading.default\">\n\t\t\t\t<div class=\"elementor-widget-container\">\n\t\t\t<h2 class=\"elementor-heading-title elementor-size-default\">Our Blogs<\/h2>\t\t<\/div>\n\t\t\t\t<\/div>\n\t\t\t\t<div class=\"elementor-element elementor-element-974dd94 elementor-widget elementor-widget-heading\" data-id=\"974dd94\" data-element_type=\"widget\" data-widget_type=\"heading.default\">\n\t\t\t\t<div class=\"elementor-widget-container\">\n\t\t\t<p class=\"elementor-heading-title elementor-size-default\">Come and Work With Consbie<\/p>\t\t<\/div>\n\t\t\t\t<\/div>\n\t\t\t\t<div class=\"elementor-element elementor-element-bd7a8c4 elementor-widget elementor-widget-woocommerce-breadcrumb\" data-id=\"bd7a8c4\" data-element_type=\"widget\" data-widget_type=\"woocommerce-breadcrumb.default\">\n\t\t\t\t<div class=\"elementor-widget-container\">\n\t\t\t<nav class=\"woocommerce-breadcrumb\" aria-label=\"Breadcrumb\" data-no-translation=\"\" data-trp-gettext=\"\">Home<\/nav>\t\t<\/div>\n\t\t\t\t<\/div>\n\t\t\t\t\t<\/div>\n\t\t<\/div>\n\t\t\t\t\t<\/div>\n\t\t<\/section>\n\t\t\t\t<section class=\"has_ae_slider elementor-section elementor-top-section elementor-element elementor-element-b9269b1 blog-gird-2 elementor-section-boxed elementor-section-height-default elementor-section-height-default ae-bg-gallery-type-default\" data-id=\"b9269b1\" data-element_type=\"section\">\n\t\t\t\t\t\t<div class=\"elementor-container elementor-column-gap-default\">\n\t\t\t\t\t<div class=\"has_ae_slider elementor-column elementor-col-100 elementor-top-column elementor-element elementor-element-21ba701 ae-bg-gallery-type-default\" data-id=\"21ba701\" data-element_type=\"column\">\n\t\t\t<div class=\"elementor-widget-wrap elementor-element-populated\">\n\t\t\t\t\t\t<div class=\"elementor-element elementor-element-e3e208f elementor-widget elementor-widget-jws-post-archive\" data-id=\"e3e208f\" data-element_type=\"widget\" data-widget_type=\"jws-post-archive.default\">\n\t\t\t\t<div class=\"elementor-widget-container\">\n\t\t\t\t\t<div class=\"row jws-post-archive\">\r\n\t\t<div class=\"col- col-lg- col-xl-6 layout-post-archive1\">\r\n\t\t\t\t\t\t<div class=\"elementor-post\">\t\t\t<a href=\"https:\/\/asescor.com\/en_US\/seminario-asescor\/\"><img fetchpriority=\"high\" decoding=\"async\" width=\"1248\" height=\"783\" src=\"https:\/\/asescor.com\/wp-content\/uploads\/2024\/04\/foto7-1.png\" class=\"attachment-full size-full wp-post-image\" alt=\"\" \/><\/a>\r\n\t\t<div class=\"m-30\">\r\n\t\t\t<div class=\"post-info\">\r\n\t\t\t<time class=\"post-time\">\r\n\t\t\t\t\t\t\t\t<span class=\"color-layout-hover\">\r\n                    10 Apr\t\t\t\t<\/span>\r\n\t\t\t<\/time>\r\n\t\t\t<span class=\"post-category\">\r\n\t\t\t\t<span class=\"color-layout-hover\"><a href=\"https:\/\/asescor.com\/en_US\/category\/noticias\" rel=\"tag\">News<\/a><\/span>\r\n\t\t\t<\/span>\r\n\t\t\t<span class=\"post-author\">\r\n\t\t\t    <span class=\"color-7a7a7a\">By <\/span><span class=\"color-layout-hover\">mike<\/span>\r\n\t\t\t<\/span>\r\n\t\t\t\t<\/div>\r\n\t\t<a href=\"https:\/\/asescor.com\/en_US\/seminario-asescor\/\">\r\n\t\t\t\t<p class=\"post-title\">Seminario P\u00e9rdida de Beneficios \/ Perjuicios por Paralizaci\u00f3n<\/p>\r\n\t\t\t<\/a>\r\n\t\t\t\t<div class=\"post-decription\">SEMINARIO P\u00e9rdida de Beneficios \/ Perjuicios por Paralizaci\u00f3n SEMINARIO P\u00e9rdida de Beneficios \/ Perjuicios por Paralizaci\u00f3n SEMINARIO P\u00e9rdida de Beneficios \/ Perjuicios por Paralizaci\u00f3n SEMINARIO P\u00e9rdida de Beneficios \/...<\/div>\r\n\t\t\t\t<div class=\"post-link\">\r\n\t\t\t<a href=\"https:\/\/asescor.com\/en_US\/seminario-asescor\/\">\r\n\t\t\t\t<span class=\"post-link__text\" >READ MORE\t\t\t\t\t\t\t\t\t<\/span>\r\n\t\t\t<\/a>\r\n\t\t<\/div>\r\n\t\t\r\n\t\t\t\t<\/div>\r\n\t\t<\/div>\r\n\t\t\t\t\t<\/div><div class=\"col- col-lg- col-xl-6 layout-post-archive1\">\r\n\t\t\t\t\t\t<div class=\"elementor-post\">\t\t\t<a href=\"https:\/\/asescor.com\/en_US\/lanzamiento-exclusivo-de-mi-empresa-segura\/\"><img decoding=\"async\" width=\"1204\" height=\"1710\" src=\"https:\/\/asescor.com\/wp-content\/uploads\/2024\/04\/asescor-comunicado.png\" class=\"attachment-full size-full wp-post-image\" alt=\"\" \/><\/a>\r\n\t\t<div class=\"m-30\">\r\n\t\t\t<div class=\"post-info\">\r\n\t\t\t<time class=\"post-time\">\r\n\t\t\t\t\t\t\t\t<span class=\"color-layout-hover\">\r\n                    13 Apr\t\t\t\t<\/span>\r\n\t\t\t<\/time>\r\n\t\t\t<span class=\"post-category\">\r\n\t\t\t\t<span class=\"color-layout-hover\"><a href=\"https:\/\/asescor.com\/en_US\/category\/noticias\" rel=\"tag\">News<\/a><\/span>\r\n\t\t\t<\/span>\r\n\t\t\t<span class=\"post-author\">\r\n\t\t\t    <span class=\"color-7a7a7a\">By <\/span><span class=\"color-layout-hover\">Alejandro Fleig Lunardi<\/span>\r\n\t\t\t<\/span>\r\n\t\t\t\t<\/div>\r\n\t\t<a href=\"https:\/\/asescor.com\/en_US\/lanzamiento-exclusivo-de-mi-empresa-segura\/\">\r\n\t\t\t\t<p class=\"post-title\">Lanzamiento exclusivo de &#8220;Mi Empresa Segura&#8221;<\/p>\r\n\t\t\t<\/a>\r\n\t\t\t\t<div class=\"post-decription\">Mi Empresa Segura&#8221; Nos complace anunciar el lanzamiento exclusivo Un innovador producto de vida con coberturas adicionales, dise\u00f1ado con el compromiso constante de velar por el bienestar de nuestros...<\/div>\r\n\t\t\t\t<div class=\"post-link\">\r\n\t\t\t<a href=\"https:\/\/asescor.com\/en_US\/lanzamiento-exclusivo-de-mi-empresa-segura\/\">\r\n\t\t\t\t<span class=\"post-link__text\" >READ MORE\t\t\t\t\t\t\t\t\t<\/span>\r\n\t\t\t<\/a>\r\n\t\t<\/div>\r\n\t\t\r\n\t\t\t\t<\/div>\r\n\t\t<\/div>\r\n\t\t\t\t\t<\/div><div class=\"col- col-lg- col-xl-6 layout-post-archive1\">\r\n\t\t\t\t\t\t<div class=\"elementor-post\">\t\t\t<a href=\"https:\/\/asescor.com\/en_US\/brokerslink\/\"><img decoding=\"async\" width=\"1937\" height=\"852\" src=\"https:\/\/asescor.com\/wp-content\/uploads\/2025\/12\/Brokerslink_Affiliat-1920-02.png\" class=\"attachment-full size-full wp-post-image\" alt=\"\" \/><\/a>\r\n\t\t<div class=\"m-30\">\r\n\t\t\t<div class=\"post-info\">\r\n\t\t\t<time class=\"post-time\">\r\n\t\t\t\t\t\t\t\t<span class=\"color-layout-hover\">\r\n                    06 Jan\t\t\t\t<\/span>\r\n\t\t\t<\/time>\r\n\t\t\t<span class=\"post-category\">\r\n\t\t\t\t<span class=\"color-layout-hover\"><a href=\"https:\/\/asescor.com\/en_US\/category\/noticias\" rel=\"tag\">News<\/a><\/span>\r\n\t\t\t<\/span>\r\n\t\t\t<span class=\"post-author\">\r\n\t\t\t    <span class=\"color-7a7a7a\">By <\/span><span class=\"color-layout-hover\">Alejandro Fleig Lunardi<\/span>\r\n\t\t\t<\/span>\r\n\t\t\t\t<\/div>\r\n\t\t<a href=\"https:\/\/asescor.com\/en_US\/brokerslink\/\">\r\n\t\t\t\t<p class=\"post-title\">BROKERSLINK<\/p>\r\n\t\t\t<\/a>\r\n\t\t\t\t<div class=\"post-decription\">Brokerslink es una red internacional que integra la experiencia de corredores independientes y especialistas de primer nivel<\/div>\r\n\t\t\t\t<div class=\"post-link\">\r\n\t\t\t<a href=\"https:\/\/asescor.com\/en_US\/brokerslink\/\">\r\n\t\t\t\t<span class=\"post-link__text\" >READ MORE\t\t\t\t\t\t\t\t\t<\/span>\r\n\t\t\t<\/a>\r\n\t\t<\/div>\r\n\t\t\r\n\t\t\t\t<\/div>\r\n\t\t<\/div>\r\n\t\t\t\t\t<\/div><div class=\"col- col-lg- col-xl-6 layout-post-archive1\">\r\n\t\t\t\t\t\t<div class=\"elementor-post\">\t\t\t<a href=\"https:\/\/asescor.com\/en_US\/manual-de-usuario\/\"><img loading=\"lazy\" decoding=\"async\" width=\"1080\" height=\"1350\" src=\"https:\/\/asescor.com\/wp-content\/uploads\/2019\/10\/Nuestra-Web.png\" class=\"attachment-full size-full wp-post-image\" alt=\"\" \/><\/a>\r\n\t\t<div class=\"m-30\">\r\n\t\t\t<div class=\"post-info\">\r\n\t\t\t<time class=\"post-time\">\r\n\t\t\t\t\t\t\t\t<span class=\"color-layout-hover\">\r\n                    07 Jan\t\t\t\t<\/span>\r\n\t\t\t<\/time>\r\n\t\t\t<span class=\"post-category\">\r\n\t\t\t\t<span class=\"color-layout-hover\"><a href=\"https:\/\/asescor.com\/en_US\/category\/noticias\" rel=\"tag\">News<\/a><\/span>\r\n\t\t\t<\/span>\r\n\t\t\t<span class=\"post-author\">\r\n\t\t\t    <span class=\"color-7a7a7a\">By <\/span><span class=\"color-layout-hover\">Alejandro Fleig Lunardi<\/span>\r\n\t\t\t<\/span>\r\n\t\t\t\t<\/div>\r\n\t\t<a href=\"https:\/\/asescor.com\/en_US\/manual-de-usuario\/\">\r\n\t\t\t\t<p class=\"post-title\">P\u00e1gina Web y APP &#8211; Manual de Usuario<\/p>\r\n\t\t\t<\/a>\r\n\t\t\t\t<div class=\"post-decription\">En Asescor Corredores de Seguros trabajamos constantemente para brindarle una experiencia m\u00e1s \u00e1gil y confiable en la gesti\u00f3n y seguimiento de sus p\u00f3lizas.<\/div>\r\n\t\t\t\t<div class=\"post-link\">\r\n\t\t\t<a href=\"https:\/\/asescor.com\/en_US\/manual-de-usuario\/\">\r\n\t\t\t\t<span class=\"post-link__text\" >READ MORE\t\t\t\t\t\t\t\t\t<\/span>\r\n\t\t\t<\/a>\r\n\t\t<\/div>\r\n\t\t\r\n\t\t\t\t<\/div>\r\n\t\t<\/div>\r\n\t\t\t\t\t<\/div>\t\r\n\t\t<\/div>\r\n\t\t            <div class=\"navigation\"><p> <\/p><\/div>\r\n\t\t\t\t\t<\/div>\n\t\t\t\t<\/div>\n\t\t\t\t\t<\/div>\n\t\t<\/div>\n\t\t\t\t\t<\/div>\n\t\t<\/section>\n\t\t\t\t<section class=\"has_ae_slider elementor-section elementor-top-section elementor-element elementor-element-ecfb9fe elementor-section-boxed elementor-section-height-default elementor-section-height-default ae-bg-gallery-type-default\" data-id=\"ecfb9fe\" data-element_type=\"section\" data-settings=\"{&quot;background_background&quot;:&quot;classic&quot;}\">\n\t\t\t\t\t\t\t<div class=\"elementor-background-overlay\"><\/div>\n\t\t\t\t\t\t\t<div class=\"elementor-container elementor-column-gap-default\">\n\t\t\t\t\t<div class=\"has_ae_slider elementor-column elementor-col-50 elementor-top-column elementor-element elementor-element-a9de8c1 ae-bg-gallery-type-default\" data-id=\"a9de8c1\" data-element_type=\"column\">\n\t\t\t<div class=\"elementor-widget-wrap elementor-element-populated\">\n\t\t\t\t\t\t<div class=\"elementor-element elementor-element-b245b7e elementor-widget elementor-widget-text-editor\" data-id=\"b245b7e\" data-element_type=\"widget\" data-widget_type=\"text-editor.default\">\n\t\t\t\t<div class=\"elementor-widget-container\">\n\t\t\t\t\t\t\t<p>Need Experience Business Consultan ?<\/p>\t\t\t\t\t\t<\/div>\n\t\t\t\t<\/div>\n\t\t\t\t\t<\/div>\n\t\t<\/div>\n\t\t\t\t<div class=\"has_ae_slider elementor-column elementor-col-50 elementor-top-column elementor-element elementor-element-2492d27 ae-bg-gallery-type-default\" data-id=\"2492d27\" data-element_type=\"column\">\n\t\t\t<div class=\"elementor-widget-wrap elementor-element-populated\">\n\t\t\t\t\t\t<div class=\"elementor-element elementor-element-e5d5aae elementor-align-right elementor-mobile-align-center elementor-widget elementor-widget-button\" data-id=\"e5d5aae\" data-element_type=\"widget\" data-widget_type=\"button.default\">\n\t\t\t\t<div class=\"elementor-widget-container\">\n\t\t\t\t\t<div class=\"elementor-button-wrapper\">\n\t\t\t<a class=\"elementor-button elementor-button-link elementor-size-sm\" href=\"#\">\n\t\t\t\t\t\t<span class=\"elementor-button-content-wrapper\">\n\t\t\t\t\t\t\t\t\t<span class=\"elementor-button-text\">CONTACT US<\/span>\n\t\t\t\t\t<\/span>\n\t\t\t\t\t<\/a>\n\t\t<\/div>\n\t\t\t\t<\/div>\n\t\t\t\t<\/div>\n\t\t\t\t\t<\/div>\n\t\t<\/div>\n\t\t\t\t\t<\/div>\n\t\t<\/section>\n\t\t\t\t<\/div>","protected":false},"excerpt":{"rendered":"<p>En Asescor S.R.L., Trabajamos continuamente para brindarle a nuestros asegurados unaexperiencia moderna, \u00e1gil y transparente. Con el objetivo de mejorar la gesti\u00f3n y elseguimiento de sus p\u00f3lizas, hemos desarrollado una plataforma digital que le permitir\u00e1acceder de manera r\u00e1pida y segura a toda la informaci\u00f3n relacionada con sus seguros.A trav\u00e9s de nuestro Sistema SISNET, usted podr\u00e1 [&hellip;]<\/p>","protected":false},"author":1,"featured_media":0,"parent":0,"menu_order":0,"comment_status":"closed","ping_status":"closed","template":"","meta":{"footnotes":""},"_links":{"self":[{"href":"https:\/\/asescor.com\/en_US\/wp-json\/wp\/v2\/pages\/3190"}],"collection":[{"href":"https:\/\/asescor.com\/en_US\/wp-json\/wp\/v2\/pages"}],"about":[{"href":"https:\/\/asescor.com\/en_US\/wp-json\/wp\/v2\/types\/page"}],"author":[{"embeddable":true,"href":"https:\/\/asescor.com\/en_US\/wp-json\/wp\/v2\/users\/1"}],"replies":[{"embeddable":true,"href":"https:\/\/asescor.com\/en_US\/wp-json\/wp\/v2\/comments?post=3190"}],"version-history":[{"count":0,"href":"https:\/\/asescor.com\/en_US\/wp-json\/wp\/v2\/pages\/3190\/revisions"}],"wp:attachment":[{"href":"https:\/\/asescor.com\/en_US\/wp-json\/wp\/v2\/media?parent=3190"}],"curies":[{"name":"wp","href":"https:\/\/api.w.org\/{rel}","templated":true}]}}